{"id":309,"date":"2021-03-15T10:42:48","date_gmt":"2021-03-15T10:42:48","guid":{"rendered":"https:\/\/themes.muffingroup.com\/be\/interior6\/?page_id=16"},"modified":"2024-07-05T14:12:52","modified_gmt":"2024-07-05T14:12:52","slug":"contacto","status":"publish","type":"page","link":"https:\/\/catalinacalafat.com\/ca\/contacte\/","title":{"rendered":"Parlem?"},"content":{"rendered":"","protected":false},"excerpt":{"rendered":"","protected":false},"author":1,"featured_media":0,"parent":0,"menu_order":0,"comment_status":"closed","ping_status":"closed","template":"","meta":{"_joinchat":[],"footnotes":""},"class_list":["post-309","page","type-page","status-publish","hentry"],"yoast_head":"<!-- This site is optimized with the Yoast SEO plugin v27.5 - https:\/\/yoast.com\/product\/yoast-seo-wordpress\/ -->\n<title>\u00bfHablamos? - Catalina Calafat<\/title>\n<meta name=\"description\" content=\"Ponte en contacto con el centro de psicolog\u00eda de Catalina Calafat en Mallorca para solicitar una consulta o recibir m\u00e1s informaci\u00f3n sobre nuestros servicios personalizados.\" \/>\n<meta name=\"robots\" content=\"index, follow, max-snippet:-1, max-image-preview:large, max-video-preview:-1\" \/>\n<link rel=\"canonical\" href=\"https:\/\/catalinacalafat.com\/ca\/contacte\/\" \/>\n<meta property=\"og:locale\" content=\"ca_ES\" \/>\n<meta property=\"og:type\" content=\"article\" \/>\n<meta property=\"og:title\" content=\"\u00bfHablamos? - Catalina Calafat\" \/>\n<meta property=\"og:description\" content=\"Ponte en contacto con el centro de psicolog\u00eda de Catalina Calafat en Mallorca para solicitar una consulta o recibir m\u00e1s informaci\u00f3n sobre nuestros servicios personalizados.\" \/>\n<meta property=\"og:url\" content=\"https:\/\/catalinacalafat.com\/ca\/contacte\/\" \/>\n<meta property=\"og:site_name\" content=\"Catalina Calafat\" \/>\n<meta property=\"article:modified_time\" content=\"2024-07-05T14:12:52+00:00\" \/>\n<meta name=\"twitter:card\" content=\"summary_large_image\" \/>\n<script type=\"application\/ld+json\" class=\"yoast-schema-graph\">{\"@context\":\"https:\\\/\\\/schema.org\",\"@graph\":[{\"@type\":\"WebPage\",\"@id\":\"https:\\\/\\\/catalinacalafat.com\\\/contacto\\\/\",\"url\":\"https:\\\/\\\/catalinacalafat.com\\\/contacto\\\/\",\"name\":\"\u00bfHablamos? - Catalina Calafat\",\"isPartOf\":{\"@id\":\"https:\\\/\\\/catalinacalafat.com\\\/#website\"},\"datePublished\":\"2021-03-15T10:42:48+00:00\",\"dateModified\":\"2024-07-05T14:12:52+00:00\",\"description\":\"Ponte en contacto con el centro de psicolog\u00eda de Catalina Calafat en Mallorca para solicitar una consulta o recibir m\u00e1s informaci\u00f3n sobre nuestros servicios personalizados.\",\"breadcrumb\":{\"@id\":\"https:\\\/\\\/catalinacalafat.com\\\/contacto\\\/#breadcrumb\"},\"inLanguage\":\"ca\",\"potentialAction\":[{\"@type\":\"ReadAction\",\"target\":[\"https:\\\/\\\/catalinacalafat.com\\\/contacto\\\/\"]}]},{\"@type\":\"BreadcrumbList\",\"@id\":\"https:\\\/\\\/catalinacalafat.com\\\/contacto\\\/#breadcrumb\",\"itemListElement\":[{\"@type\":\"ListItem\",\"position\":1,\"name\":\"Portada\",\"item\":\"https:\\\/\\\/catalinacalafat.com\\\/\"},{\"@type\":\"ListItem\",\"position\":2,\"name\":\"\u00bfHablamos?\"}]},{\"@type\":\"WebSite\",\"@id\":\"https:\\\/\\\/catalinacalafat.com\\\/#website\",\"url\":\"https:\\\/\\\/catalinacalafat.com\\\/\",\"name\":\"Catalina Calafat\",\"description\":\"Psic\u00f3loga en Palma de Mallorca\",\"potentialAction\":[{\"@type\":\"SearchAction\",\"target\":{\"@type\":\"EntryPoint\",\"urlTemplate\":\"https:\\\/\\\/catalinacalafat.com\\\/?s={search_term_string}\"},\"query-input\":{\"@type\":\"PropertyValueSpecification\",\"valueRequired\":true,\"valueName\":\"search_term_string\"}}],\"inLanguage\":\"ca\"}]}<\/script>\n<!-- \/ Yoast SEO plugin. -->","yoast_head_json":{"title":"\u00bfHablamos? - Catalina Calafat","description":"Ponte en contacto con el centro de psicolog\u00eda de Catalina Calafat en Mallorca para solicitar una consulta o recibir m\u00e1s informaci\u00f3n sobre nuestros servicios personalizados.","robots":{"index":"index","follow":"follow","max-snippet":"max-snippet:-1","max-image-preview":"max-image-preview:large","max-video-preview":"max-video-preview:-1"},"canonical":"https:\/\/catalinacalafat.com\/ca\/contacte\/","og_locale":"ca_ES","og_type":"article","og_title":"\u00bfHablamos? - Catalina Calafat","og_description":"Ponte en contacto con el centro de psicolog\u00eda de Catalina Calafat en Mallorca para solicitar una consulta o recibir m\u00e1s informaci\u00f3n sobre nuestros servicios personalizados.","og_url":"https:\/\/catalinacalafat.com\/ca\/contacte\/","og_site_name":"Catalina Calafat","article_modified_time":"2024-07-05T14:12:52+00:00","twitter_card":"summary_large_image","schema":{"@context":"https:\/\/schema.org","@graph":[{"@type":"WebPage","@id":"https:\/\/catalinacalafat.com\/contacto\/","url":"https:\/\/catalinacalafat.com\/contacto\/","name":"\u00bfHablamos? - Catalina Calafat","isPartOf":{"@id":"https:\/\/catalinacalafat.com\/#website"},"datePublished":"2021-03-15T10:42:48+00:00","dateModified":"2024-07-05T14:12:52+00:00","description":"Ponte en contacto con el centro de psicolog\u00eda de Catalina Calafat en Mallorca para solicitar una consulta o recibir m\u00e1s informaci\u00f3n sobre nuestros servicios personalizados.","breadcrumb":{"@id":"https:\/\/catalinacalafat.com\/contacto\/#breadcrumb"},"inLanguage":"ca","potentialAction":[{"@type":"ReadAction","target":["https:\/\/catalinacalafat.com\/contacto\/"]}]},{"@type":"BreadcrumbList","@id":"https:\/\/catalinacalafat.com\/contacto\/#breadcrumb","itemListElement":[{"@type":"ListItem","position":1,"name":"Portada","item":"https:\/\/catalinacalafat.com\/"},{"@type":"ListItem","position":2,"name":"\u00bfHablamos?"}]},{"@type":"WebSite","@id":"https:\/\/catalinacalafat.com\/#website","url":"https:\/\/catalinacalafat.com\/","name":"Catalina Calafat","description":"Psic\u00f3loga en Palma de Mallorca","potentialAction":[{"@type":"SearchAction","target":{"@type":"EntryPoint","urlTemplate":"https:\/\/catalinacalafat.com\/?s={search_term_string}"},"query-input":{"@type":"PropertyValueSpecification","valueRequired":true,"valueName":"search_term_string"}}],"inLanguage":"ca"}]}},"_links":{"self":[{"href":"https:\/\/catalinacalafat.com\/ca\/wp-json\/wp\/v2\/pages\/309","targetHints":{"allow":["GET"]}}],"collection":[{"href":"https:\/\/catalinacalafat.com\/ca\/wp-json\/wp\/v2\/pages"}],"about":[{"href":"https:\/\/catalinacalafat.com\/ca\/wp-json\/wp\/v2\/types\/page"}],"author":[{"embeddable":true,"href":"https:\/\/catalinacalafat.com\/ca\/wp-json\/wp\/v2\/users\/1"}],"replies":[{"embeddable":true,"href":"https:\/\/catalinacalafat.com\/ca\/wp-json\/wp\/v2\/comments?post=309"}],"version-history":[{"count":3,"href":"https:\/\/catalinacalafat.com\/ca\/wp-json\/wp\/v2\/pages\/309\/revisions"}],"predecessor-version":[{"id":390,"href":"https:\/\/catalinacalafat.com\/ca\/wp-json\/wp\/v2\/pages\/309\/revisions\/390"}],"wp:attachment":[{"href":"https:\/\/catalinacalafat.com\/ca\/wp-json\/wp\/v2\/media?parent=309"}],"curies":[{"name":"wp","href":"https:\/\/api.w.org\/{rel}","templated":true}]}}