{"id":7,"date":"2023-05-23T08:52:38","date_gmt":"2023-05-23T08:52:38","guid":{"rendered":"https:\/\/catalinacalafat.com\/privacidad\/"},"modified":"2024-04-15T09:48:22","modified_gmt":"2024-04-15T09:48:22","slug":"privacidad","status":"publish","type":"page","link":"https:\/\/catalinacalafat.com\/ca\/privadesa\/","title":{"rendered":"Pol\u00edtica de privadesa"},"content":{"rendered":"<p class=\"p1\">De conformitat amb el que disposa el Reglament General de Protecci\u00f3 de Dades RGPD UE 679\/2016 i la Llei Org\u00e0nica 3\/2018 de 5 de Desembre, de Protecci\u00f3 de Dades Personals i Garantia dels Drets Digitals, se li facilita la seg\u00fcent informaci\u00f3 del tractament de les seves dades de car\u00e0cter personal:<\/p>\n<h3 class=\"p1\">Qui \u00e9s responsable del tractament de les vostres dades personals?<\/h3>\n<p class=\"p1\">Responsable del tractament: CATALINA CALAFAT VILLALONGA, NIF\/CIF: 41585379E, Adre\u00e7a: PASSATGE PARTICULAR DE SANTA CATALINA DE SENA N\u00ba1, CP: 07002, PALMA, Tel\u00e8fon 620036636, Email: contacto@catalinacalaf DELEGAT DE PROTECCI\u00d3 DE DADES: CONTACTE: \/ http:\/\/www.protecmir. com \/ EMAIL: protecmirlegal@protecmir.com .<\/p>\n<h3 class=\"p1\">Quines dades tractem?<\/h3>\n<p class=\"p1\">A CATALINA CALAFAT VILLALONGA tractem les dades personals facilitades per vost\u00e8 a trav\u00e9s de l&#039;emplenament dels formularis habilitats a aquest efecte en aquesta p\u00e0gina web, les dades personals derivades de la prestaci\u00f3 o contractaci\u00f3 dels nostres serveis o productes i\/o les dades personals derivades de la relaci\u00f3 comercial que vost\u00e8 mant\u00e9 amb nosaltres. A m\u00e9s, tractem les dades personals generades en el context de la seva activitat a la nostra p\u00e0gina web, dins la categoria de les quals s&#039;inclouen les seves dades de navegaci\u00f3 obtingudes a trav\u00e9s de la p\u00e0gina web.<\/p>\n<p class=\"p1\">\u00c9s important per a nosaltres mantenir el registre de les seves dades personals actualitzat. Vost\u00e8 t\u00e9 l&#039;obligaci\u00f3 de mantenir-nos informats de qualsevol canvi o error a les seves dades personals tan aviat com sigui possible posant-se en contacte amb nosaltres al correu electr\u00f2nic: contacto@catalinacalafat.com.<\/p>\n<h3 class=\"p1\">\u00bf Amb quina finalitat tractem les vostres dades de car\u00e0cter personal?.<\/h3>\n<p class=\"p1\">Finalitat: CATALINA CALAFAT VILLALONGA podr\u00e0 tractar les vostres dades personals per a les seg\u00fcents finalitats:<\/p>\n<p class=\"p2\">-Gesti\u00f3 i manteniment dels serveis proporcionats a trav\u00e9s de la p\u00e0gina web.<\/p>\n<p class=\"p3\">-Gesti\u00f3 i atenci\u00f3 de les consultes i sol\u00b7licituds dinformaci\u00f3 realitzades pels usuaris a trav\u00e9s del formulari de contacte. L&#039;adre\u00e7a de correu electr\u00f2nic i les dades de car\u00e0cter personal que vost\u00e8 ens proporciona a trav\u00e9s del formulari de contacte de la p\u00e0gina web seran utilitzades exclusivament per atendre les consultes que ens plantegeu per aquest mitj\u00e0.<\/p>\n<p class=\"p2\">-Compliment de les obligacions legals aplicables.<\/p>\n<p class=\"p4\">-Enviament de comunicacions comercials i butlletins informatius, aix\u00ed com publicitat dels nostres serveis i productes.<\/p>\n<p class=\"p4\">-Gesti\u00f3 de la contractaci\u00f3 dels nostres serveis i\/o productes.<\/p>\n<p class=\"p2\">-Gesti\u00f3 de les sol\u00b7licituds d&#039;informaci\u00f3 o sol\u00b7licituds de pressupost dels nostres serveis o productes.<\/p>\n<p class=\"p1\">-En cas d&#039;haver-ho consentit i per tal de poder oferir-vos serveis d&#039;acord amb els vostres interessos, les vostres dades personals poden ser utilitzades per elaborar un perfil comercial. No es prendran decisions automatitzades en base a aquest perfil.<\/p>\n<p class=\"p1\">Conservem les vostres dades de car\u00e0cter personal en els nostres sistemes i arxius el temps necessari per dur a terme els fins del tractament, i per complir amb el que disposa la legislaci\u00f3 aplicable. Es conservaran les vostres dades personals mentre existeixi una relaci\u00f3 contractual i\/o comercial amb vost\u00e8, o mentre vost\u00e8 no exerceixi el seu dret de supressi\u00f3 i\/o limitaci\u00f3 del tractament de les seves dades. El per\u00edode de conservaci\u00f3 de les dades personals variar\u00e0 en funci\u00f3 de les finalitats del tractament i amb car\u00e0cter general:<\/p>\n<p class=\"p3\">-Les dades personals que ens proporciona en els sup\u00f2sits de contractaci\u00f3 dels nostres serveis o productes seran conservats durant la relaci\u00f3 contractual i, una vegada finalitzada, durant el termini de prescripci\u00f3 de les accions legals que se&#039;n puguin derivar.<\/p>\n<p class=\"p5\">-Les dades personals que ens proporciona per gestionar sol\u00b7licituds d&#039;informaci\u00f3 o consultes a trav\u00e9s del formulari de contacte es conservaran mentre no sol\u00b7liciteu la supressi\u00f3 o cancel\u00b7laci\u00f3.<\/p>\n<p class=\"p5\">-Les dades personals que ens proporciona per subscriure&#039;s al nostre Newsletter o butlletins informatius es conservaran mentre no sol\u00b7liciteu la seva supressi\u00f3, oposici\u00f3 i\/o limitaci\u00f3.<\/p>\n<p class=\"p1\">-Les dades personals obtingudes de la vostra navegaci\u00f3 i h\u00e0bits de consum, aix\u00ed com el perfil comercial obtingut, es conservaran mentre no sol\u00b7liciteu la supressi\u00f3 o cancel\u00b7laci\u00f3.<\/p>\n<p class=\"p1\">Les vostres dades de car\u00e0cter personal seran conservades mentre siguin \u00fatils per a les finalitats indicades, i, en qualsevol cas, durant els terminis legals i el temps necessari per atendre possibles responsabilitats nascudes del tractament.<\/p>\n<h3 class=\"p1\">Seguretat de les dades.<\/h3>\n<p class=\"p1\">Disposem de mesures de seguretat t\u00e8cniques i organitzatives adequades per protegir les seves dades personals contra el tractament no autoritzat o il\u00b7l\u00edcit i contra la seva p\u00e8rdua, destrucci\u00f3 o dany accidental, assegurant-ne la integritat i confidencialitat. Les mesures de seguretat t\u00e8cniques i organitzatives implantades permeten: garantir la confidencialitat, integritat, disponibilitat i resili\u00e8ncia permanents dels sistemes i serveis de tractament; restaurar la disponibilitat i l&#039;acc\u00e9s a les dades de car\u00e0cter personal de manera r\u00e0pida en cas d&#039;incident f\u00edsic o t\u00e8cnic; i verificar, avaluar i valorar de manera regular l&#039;efic\u00e0cia de les mesures t\u00e8cniques i organitzatives implantades per garantir la seguretat del tractament.<\/p>\n<p class=\"p1\">Aquestes mesures de seguretat t\u00e8cniques i organitzatives han estat dissenyades tenint en compte la nostra infraestructura de TI, l&#039;estat de la t\u00e8cnica d&#039;acord amb els est\u00e0ndards i les pr\u00e0ctiques actuals, el cost de l&#039;aplicaci\u00f3 i la naturalesa, \u00e0mbit, context i fins del tractament, aix\u00ed com els riscos de diversa probabilitat i gravetat que comporta el tractament per a les seves dades personals.<\/p>\n<h3 class=\"p1\">Quina \u00e9s la legitimaci\u00f3 per al tractament de les vostres dades?<\/h3>\n<p class=\"p1\">Legitimaci\u00f3: La legitimaci\u00f3 per tractar les vostres dades de car\u00e0cter personal est\u00e0 basada en:<\/p>\n<p class=\"p3\">-L&#039;execuci\u00f3 i el manteniment d&#039;una relaci\u00f3 contractual i comercial amb vost\u00e8, com ara la contractaci\u00f3 de productes i serveis de l&#039;entitat, gesti\u00f3 i sol\u00b7licitud de pressupostos dels productes i\/o serveis de l&#039;entitat, tot aix\u00f2 de conformitat amb el que disposa l&#039;article 6.1.B del RGPD (UE) 679\/2016 i la Llei org\u00e0nica 3\/2018, de 5 de desembre.<\/p>\n<p class=\"p3\">-El seu consentiment expr\u00e9s per a una o diverses finalitats, com ara l&#039;enviament de comunicacions publicit\u00e0ries o butlletins informatius propis o de tercers, gesti\u00f3 d&#039;enviaments de curr\u00edculum vitae, participaci\u00f3 en activitats o concursos, tot aix\u00f2 de conformitat amb el que disposa l&#039;article 6.1.A de l&#039;RGPD (UE) 679\/2016 i la Llei (LOPDPGDD).<\/p>\n<p class=\"p5\">-El compliment de diferents obligacions legals, tot aix\u00f2 de conformitat amb el que disposa l&#039;article 6.1.C del RGPD (UE) 679\/2016 i la Llei Org\u00e0nica 3\/2018, de 5 de desembre (LOPDPGDD).<\/p>\n<p class=\"p1\">\u2013 La satisfacci\u00f3 d&#039;interessos leg\u00edtims perseguits pel responsable del tractament o per un tercer, per exemple, per motius de seguretat, per millorar els nostres serveis i per gestionar les seves sol\u00b7licituds o consultes.<\/p>\n<p class=\"p3\">Durant el proc\u00e9s de recollida de dades, ia cada lloc de la web on se sol\u00b7licitin dades de car\u00e0cter personal, l&#039;usuari ser\u00e0 informat, ja sigui mitjan\u00e7ant un hipervincle, ja sigui mitjan\u00e7ant la inclusi\u00f3 de les mencions oportunes al propi formulari, del car\u00e0cter obligatori o no de la recollida de les seves dades de car\u00e0cter personal.<\/p>\n<p class=\"p1\">Les dades personals sol\u00b7licitades als formularis de la p\u00e0gina web s\u00f3n, amb car\u00e0cter general, obligat\u00f2ries (llevat que en el camp requerit s&#039;especifiqui el contrari) per complir amb les finalitats establertes. Per tant, si no es faciliten les dades personals sol\u00b7licitades, o no es faciliten correctament, no es podran atendre aquestes dades.<\/p>\n<p class=\"p1\">Hi ha l&#039;obligaci\u00f3 de facilitar les vostres dades de car\u00e0cter personal en els sup\u00f2sits de contractaci\u00f3 d&#039;un servei o producte, i\/o en els sup\u00f2sits de sol\u00b7licitud de pressupostos o ofertes.<\/p>\n<p class=\"p1\">L&#039;enviament de comunicacions publicit\u00e0ries, newsletter o butlletins informatius dels nostres productes i serveis est\u00e0 basat en el consentiment que se us demana, sense que en cap cas la retirada d&#039;aquest consentiment condicioni la relaci\u00f3 contractual o comercial que vost\u00e8 mant\u00e9 amb nosaltres.<\/p>\n<p class=\"p1\">Si ens heu autoritzat a enviar publicitat dels nostres serveis i productes, les vostres dades de car\u00e0cter personal poden ser utilitzades per gestionar l&#039;enviament d&#039;ofertes publicit\u00e0ries i butlletins informatius a trav\u00e9s de mitjans electr\u00f2nics. En aquests casos \u00e9s aplicable el que disposen els art. 20 i 21 de la llei 34\/2002, d&#039;11 de juliol, de serveis de la societat de la informaci\u00f3 i de comer\u00e7 electr\u00f2nic, respecte a l&#039;\u00fas i el tractament de les seves dades de car\u00e0cter personal per tal de gestionar l&#039;enviament de publicitat per mitjans electr\u00f2nics.<\/p>\n<p class=\"p1\">En cas que hagi marcat l&#039;opci\u00f3 de rebre publicitat, o si s&#039;ha subscrit al nostre newsletter o butllet\u00ed informatiu, podeu cancel\u00b7lar aquesta opci\u00f3 en qualsevol moment.<\/p>\n<h3 class=\"p1\">A quins destinataris es comunicaran les vostres dades?<\/h3>\n<p class=\"p1\">Destinataris: Amb car\u00e0cter general, les vostres dades de car\u00e0cter personal no es comunicaran a cap tercer ali\u00e8 a l&#039;entitat, excepte obligaci\u00f3 legal. No obstant aix\u00f2, us informem que tercers prove\u00efdors poden tenir acc\u00e9s a les vostres dades personals en qualitat d&#039;encarregats del tractament, en el marc de la prestaci\u00f3 d&#039;un servei per a l&#039;entitat responsable del tractament. Us informem que podeu sol\u00b7licitar la relaci\u00f3 completa dels destinataris que podran rebre les vostres dades personals com a encarregats de tractament o com a tercers receptors per transfer\u00e8ncia al correu electr\u00f2nic: <a href=\"mailto:contacto@catalinacalafat.com\"><span class=\"s1\">contacto@catalinacalafat.com<\/span><\/a>. A m\u00e9s de l&#039;anterior, l&#039;entitat podr\u00e0 fer cessions o comunicacions de dades personals per atendre les seves obligacions davant les administracions p\u00fabliques en els casos que aix\u00ed es requereixi, d&#039;acord amb la legislaci\u00f3 vigent.<\/p>\n<h3 class=\"p1\">-Transfer\u00e8ncies internacionals de dades:<\/h3>\n<p class=\"p1\">Per dur a terme les activitats de tractament de dades detallades anteriorment, podem transferir les dades a pa\u00efsos de fora de l&#039;Espai Econ\u00f2mic Europeu (EEE), i emmagatzemar aquestes dades a bases de dades f\u00edsiques o digitals gestionades per entitats que actu\u00efn en nom nostre. La gesti\u00f3 de bases de dades i el tractament de les dades es limiten als fins del tractament, i es duen a terme segons les lleis i les normatives vigents en mat\u00e8ria de protecci\u00f3 de dades. En cas que les dades s&#039;envi\u00efn fora de l&#039;EEE, l&#039;empresa utilitzar\u00e0 mesures contractuals adequades per garantir la protecci\u00f3 de les dades, que poden incloure, entre d&#039;altres, contractes basats en les cl\u00e0usules est\u00e0ndard de protecci\u00f3 de dades adoptades per la Comissi\u00f3 Europea aplicables a l&#039;enviament de dades personals fora de l&#039;EEE.<\/p>\n<h3 class=\"p1\">Quins drets t\u00e9 [vost\u00e8] quant al tractament de les vostres dades personals?<\/h3>\n<p class=\"p6\">Drets: Vost\u00e8 t\u00e9 dret a obtenir l&#039;acc\u00e9s a les seves dades personals, aix\u00ed com a sol\u00b7licitar la rectificaci\u00f3 de les dades inexactes o, si escau, sol\u00b7licitar-ne la supressi\u00f3 quan, entre altres motius, les dades que ja no siguin necess\u00e0ries per als fins que van ser recollides. En determinades circumst\u00e0ncies, podeu sol\u00b7licitar la limitaci\u00f3 del tractament de les vostres dades, i en este cas \u00fanicament les conservarem per a l&#039;exercici o defensa de reclamacions. Aix\u00ed mateix, i per motius relacionats amb la seva situaci\u00f3 particular, vost\u00e8 pot oposar-se al tractament de les seves dades, i en aquest cas la seva informaci\u00f3 personal deixar\u00e0 de tractar-se per a aquelles finalitats respecte de les que hagi manifestat la seva oposici\u00f3. Quan sigui t\u00e8cnicament possible, podeu sol\u00b7licitar la portabilitat de les vostres dades a un altre responsable del tractament. Per exercitar aquests drets, de conformitat amb la legislaci\u00f3 vigent, podeu adre\u00e7ar-vos per correu postal, adjuntant c\u00f2pia d&#039;un document acreditatiu de la vostra identitat (DNI), a CATALINA CALAFAT VILLALONGA a PASSATGE PARTICULAR DE SANTA CATALINA DE SENA N\u00daM. 1, CP: 07002, PALMA o al correu electr\u00f2nic@ Teniu dret a presentar una Reclamaci\u00f3 davant l&#039;Autoritat de Control: Ag\u00e8ncia Espanyola de Protecci\u00f3 Dades (www.agpd.es).<\/p>\n<h3 class=\"p1\">Proced\u00e8ncia de les Dades de Car\u00e0cter Personal: el mateix interessat.<\/h3>\n<p class=\"p1\">Vost\u00e8 accepta expressament la inclusi\u00f3 de les dades de car\u00e0cter personal demanades durant la navegaci\u00f3 a la p\u00e0gina web i\/o proporcionades mitjan\u00e7ant l&#039;emplenament de qualsevol formulari, aix\u00ed com els derivats d&#039;una possible relaci\u00f3 comercial, als fitxers automatitzats de dades de car\u00e0cter personal de l&#039;entitat.<\/p>\n<p class=\"p1\">Lentitat garanteix la confidencialitat de les dades de car\u00e0cter personal dels usuaris. No obstant aix\u00f2, l&#039;entitat revelar\u00e0 a les autoritats p\u00fabliques competents les dades personals i qualsevol altra informaci\u00f3 que estigui en poder seu o sigui accessible a trav\u00e9s dels seus sistemes i sigui requerida, de conformitat amb les disposicions legals i reglament\u00e0ries aplicables al cas. Les dades de car\u00e0cter personal poden ser conservades als fitxers titularitat de CATALINA CALAFAT VILLALONGA fins i tot una vegada finalitzades les relacions comercials formalitzades a trav\u00e9s de la p\u00e0gina web de l&#039;entitat, exclusivament per als fins indicats anteriorment i, en tot cas, durant els terminis legalment establerts, a disposici\u00f3 d&#039;autoritats administratives o judicials.<\/p>\n<h3 class=\"p1\">\u00das de xarxes socials.<\/h3>\n<p class=\"p1\">Quan vost\u00e8 interactua amb la nostra p\u00e0gina web a trav\u00e9s de diverses xarxes socials, com quan es connecta o ens segueix o comparteix el nostre contingut en xarxes socials (Facebook, Twitter, LinkedIn, Instagram o altres), podem rebre informaci\u00f3 procedent d&#039;aquestes xarxes socials, inclosa informaci\u00f3 sobre el seu perfil, ID d&#039;usuari associat al vostre compte a les xarxes socials, i qualsevol altra informaci\u00f3 p\u00fablica que vost\u00e8 permeti compartir amb tercers a la xarxa social.<\/p>\n<p class=\"p1\">L&#039;entitat utilitza les xarxes socials amb la finalitat d&#039;informar sobre els serveis que ofereix, aix\u00ed com de qualsevol altra activitat o esdeveniment que es realitzi i es vulgui donar publicitat, per\u00f2 en cap moment obtindr\u00e0 de les mateixes dades personals dels usuaris que hi interactu\u00efn, llevat que hi hagi autoritzaci\u00f3 expressa.<\/p>\n<p class=\"p1\">Aquestes dades nom\u00e9s s\u00f3n utilitzades dins de la pr\u00f2pia xarxa social i no s\u00f3n incorporades a cap sistema de tractament.<\/p>\n<p class=\"p7\">Les xarxes socials tenen les seves pr\u00f2pies condicions d&#039;\u00fas i pol\u00edtiques de privadesa que vost\u00e8 est\u00e0 obligat a tenir en compte ia observar-ne el compliment si en fa \u00fas.<\/p>","protected":false},"excerpt":{"rendered":"","protected":false},"author":1,"featured_media":0,"parent":0,"menu_order":0,"comment_status":"closed","ping_status":"closed","template":"","meta":{"_joinchat":[],"footnotes":""},"class_list":["post-7","page","type-page","status-publish","hentry"],"yoast_head":"<!-- This site is optimized with the Yoast SEO plugin v27.5 - https:\/\/yoast.com\/product\/yoast-seo-wordpress\/ -->\n<title>Pol\u00edtica de privacidad - Catalina Calafat<\/title>\n<meta name=\"robots\" content=\"index, follow, max-snippet:-1, max-image-preview:large, max-video-preview:-1\" \/>\n<link rel=\"canonical\" href=\"https:\/\/catalinacalafat.com\/ca\/privadesa\/\" \/>\n<meta property=\"og:locale\" content=\"ca_ES\" \/>\n<meta property=\"og:type\" content=\"article\" \/>\n<meta property=\"og:title\" content=\"Pol\u00edtica de privacidad - Catalina Calafat\" \/>\n<meta property=\"og:url\" content=\"https:\/\/catalinacalafat.com\/ca\/privadesa\/\" \/>\n<meta property=\"og:site_name\" content=\"Catalina Calafat\" \/>\n<meta property=\"article:modified_time\" content=\"2024-04-15T09:48:22+00:00\" \/>\n<meta name=\"twitter:card\" content=\"summary_large_image\" \/>\n<meta name=\"twitter:label1\" content=\"Temps estimat de lectura\" \/>\n\t<meta name=\"twitter:data1\" content=\"10 minuts\" \/>\n<script type=\"application\/ld+json\" class=\"yoast-schema-graph\">{\"@context\":\"https:\\\/\\\/schema.org\",\"@graph\":[{\"@type\":\"WebPage\",\"@id\":\"https:\\\/\\\/catalinacalafat.com\\\/privacidad\\\/\",\"url\":\"https:\\\/\\\/catalinacalafat.com\\\/privacidad\\\/\",\"name\":\"Pol\u00edtica de privacidad - Catalina Calafat\",\"isPartOf\":{\"@id\":\"https:\\\/\\\/catalinacalafat.com\\\/#website\"},\"datePublished\":\"2023-05-23T08:52:38+00:00\",\"dateModified\":\"2024-04-15T09:48:22+00:00\",\"breadcrumb\":{\"@id\":\"https:\\\/\\\/catalinacalafat.com\\\/privacidad\\\/#breadcrumb\"},\"inLanguage\":\"ca\",\"potentialAction\":[{\"@type\":\"ReadAction\",\"target\":[\"https:\\\/\\\/catalinacalafat.com\\\/privacidad\\\/\"]}]},{\"@type\":\"BreadcrumbList\",\"@id\":\"https:\\\/\\\/catalinacalafat.com\\\/privacidad\\\/#breadcrumb\",\"itemListElement\":[{\"@type\":\"ListItem\",\"position\":1,\"name\":\"Portada\",\"item\":\"https:\\\/\\\/catalinacalafat.com\\\/\"},{\"@type\":\"ListItem\",\"position\":2,\"name\":\"Pol\u00edtica de privacidad\"}]},{\"@type\":\"WebSite\",\"@id\":\"https:\\\/\\\/catalinacalafat.com\\\/#website\",\"url\":\"https:\\\/\\\/catalinacalafat.com\\\/\",\"name\":\"Catalina Calafat\",\"description\":\"Psic\u00f3loga en Palma de Mallorca\",\"potentialAction\":[{\"@type\":\"SearchAction\",\"target\":{\"@type\":\"EntryPoint\",\"urlTemplate\":\"https:\\\/\\\/catalinacalafat.com\\\/?s={search_term_string}\"},\"query-input\":{\"@type\":\"PropertyValueSpecification\",\"valueRequired\":true,\"valueName\":\"search_term_string\"}}],\"inLanguage\":\"ca\"}]}<\/script>\n<!-- \/ Yoast SEO plugin. -->","yoast_head_json":{"title":"Pol\u00edtica de privacidad - Catalina Calafat","robots":{"index":"index","follow":"follow","max-snippet":"max-snippet:-1","max-image-preview":"max-image-preview:large","max-video-preview":"max-video-preview:-1"},"canonical":"https:\/\/catalinacalafat.com\/ca\/privadesa\/","og_locale":"ca_ES","og_type":"article","og_title":"Pol\u00edtica de privacidad - Catalina Calafat","og_url":"https:\/\/catalinacalafat.com\/ca\/privadesa\/","og_site_name":"Catalina Calafat","article_modified_time":"2024-04-15T09:48:22+00:00","twitter_card":"summary_large_image","twitter_misc":{"Temps estimat de lectura":"10 minuts"},"schema":{"@context":"https:\/\/schema.org","@graph":[{"@type":"WebPage","@id":"https:\/\/catalinacalafat.com\/privacidad\/","url":"https:\/\/catalinacalafat.com\/privacidad\/","name":"Pol\u00edtica de privacidad - Catalina Calafat","isPartOf":{"@id":"https:\/\/catalinacalafat.com\/#website"},"datePublished":"2023-05-23T08:52:38+00:00","dateModified":"2024-04-15T09:48:22+00:00","breadcrumb":{"@id":"https:\/\/catalinacalafat.com\/privacidad\/#breadcrumb"},"inLanguage":"ca","potentialAction":[{"@type":"ReadAction","target":["https:\/\/catalinacalafat.com\/privacidad\/"]}]},{"@type":"BreadcrumbList","@id":"https:\/\/catalinacalafat.com\/privacidad\/#breadcrumb","itemListElement":[{"@type":"ListItem","position":1,"name":"Portada","item":"https:\/\/catalinacalafat.com\/"},{"@type":"ListItem","position":2,"name":"Pol\u00edtica de privacidad"}]},{"@type":"WebSite","@id":"https:\/\/catalinacalafat.com\/#website","url":"https:\/\/catalinacalafat.com\/","name":"Catalina Calafat","description":"Psic\u00f3loga en Palma de Mallorca","potentialAction":[{"@type":"SearchAction","target":{"@type":"EntryPoint","urlTemplate":"https:\/\/catalinacalafat.com\/?s={search_term_string}"},"query-input":{"@type":"PropertyValueSpecification","valueRequired":true,"valueName":"search_term_string"}}],"inLanguage":"ca"}]}},"_links":{"self":[{"href":"https:\/\/catalinacalafat.com\/ca\/wp-json\/wp\/v2\/pages\/7","targetHints":{"allow":["GET"]}}],"collection":[{"href":"https:\/\/catalinacalafat.com\/ca\/wp-json\/wp\/v2\/pages"}],"about":[{"href":"https:\/\/catalinacalafat.com\/ca\/wp-json\/wp\/v2\/types\/page"}],"author":[{"embeddable":true,"href":"https:\/\/catalinacalafat.com\/ca\/wp-json\/wp\/v2\/users\/1"}],"replies":[{"embeddable":true,"href":"https:\/\/catalinacalafat.com\/ca\/wp-json\/wp\/v2\/comments?post=7"}],"version-history":[{"count":2,"href":"https:\/\/catalinacalafat.com\/ca\/wp-json\/wp\/v2\/pages\/7\/revisions"}],"predecessor-version":[{"id":450,"href":"https:\/\/catalinacalafat.com\/ca\/wp-json\/wp\/v2\/pages\/7\/revisions\/450"}],"wp:attachment":[{"href":"https:\/\/catalinacalafat.com\/ca\/wp-json\/wp\/v2\/media?parent=7"}],"curies":[{"name":"wp","href":"https:\/\/api.w.org\/{rel}","templated":true}]}}