{"id":1175,"date":"2025-01-25T17:21:35","date_gmt":"2025-01-25T17:21:35","guid":{"rendered":"https:\/\/catalinacalafat.com\/?page_id=1175"},"modified":"2025-01-25T20:21:30","modified_gmt":"2025-01-25T20:21:30","slug":"psicologos-online-mallorca","status":"publish","type":"page","link":"https:\/\/catalinacalafat.com\/en\/online-psychologists-in-mallorca\/","title":{"rendered":"Online Psychologists Mallorca"},"content":{"rendered":"","protected":false},"excerpt":{"rendered":"","protected":false},"author":1,"featured_media":1177,"parent":0,"menu_order":0,"comment_status":"closed","ping_status":"closed","template":"","meta":{"_joinchat":[],"footnotes":""},"class_list":["post-1175","page","type-page","status-publish","has-post-thumbnail","hentry"],"yoast_head":"<!-- This site is optimized with the Yoast SEO plugin v27.5 - https:\/\/yoast.com\/product\/yoast-seo-wordpress\/ -->\n<title>Psic\u00f3logos Online en Mallorca: Terapia Profesional a Distancia | Catalina Calafat<\/title>\n<meta name=\"description\" content=\"Accede a psic\u00f3logos online en Mallorca para mejorar tu bienestar emocional desde cualquier lugar. Terapia profesional, c\u00f3moda y efectiva. \u00a1Reserva ahora!\" \/>\n<meta name=\"robots\" content=\"index, follow, max-snippet:-1, max-image-preview:large, max-video-preview:-1\" \/>\n<link rel=\"canonical\" href=\"https:\/\/catalinacalafat.com\/en\/online-psychologists-in-mallorca\/\" \/>\n<meta property=\"og:locale\" content=\"en_US\" \/>\n<meta property=\"og:type\" content=\"article\" \/>\n<meta property=\"og:title\" content=\"Psic\u00f3logos Online en Mallorca: Terapia Profesional a Distancia | Catalina Calafat\" \/>\n<meta property=\"og:description\" content=\"Accede a psic\u00f3logos online en Mallorca para mejorar tu bienestar emocional desde cualquier lugar. Terapia profesional, c\u00f3moda y efectiva. \u00a1Reserva ahora!\" \/>\n<meta property=\"og:url\" content=\"https:\/\/catalinacalafat.com\/en\/online-psychologists-in-mallorca\/\" \/>\n<meta property=\"og:site_name\" content=\"Catalina Calafat\" \/>\n<meta property=\"article:modified_time\" content=\"2025-01-25T20:21:30+00:00\" \/>\n<meta property=\"og:image\" content=\"https:\/\/catalinacalafat.com\/wp-content\/uploads\/2025\/01\/psicologos-online-palma-mallorca.jpg\" \/>\n\t<meta property=\"og:image:width\" content=\"780\" \/>\n\t<meta property=\"og:image:height\" content=\"780\" \/>\n\t<meta property=\"og:image:type\" content=\"image\/jpeg\" \/>\n<meta name=\"twitter:card\" content=\"summary_large_image\" \/>\n<meta name=\"twitter:label1\" content=\"Est. reading time\" \/>\n\t<meta name=\"twitter:data1\" content=\"1 minute\" \/>\n<script type=\"application\/ld+json\" class=\"yoast-schema-graph\">{\"@context\":\"https:\\\/\\\/schema.org\",\"@graph\":[{\"@type\":\"WebPage\",\"@id\":\"https:\\\/\\\/catalinacalafat.com\\\/psicologos-online-mallorca\\\/\",\"url\":\"https:\\\/\\\/catalinacalafat.com\\\/psicologos-online-mallorca\\\/\",\"name\":\"Psic\u00f3logos Online en Mallorca: Terapia Profesional a Distancia | Catalina Calafat\",\"isPartOf\":{\"@id\":\"https:\\\/\\\/catalinacalafat.com\\\/#website\"},\"primaryImageOfPage\":{\"@id\":\"https:\\\/\\\/catalinacalafat.com\\\/psicologos-online-mallorca\\\/#primaryimage\"},\"image\":{\"@id\":\"https:\\\/\\\/catalinacalafat.com\\\/psicologos-online-mallorca\\\/#primaryimage\"},\"thumbnailUrl\":\"https:\\\/\\\/catalinacalafat.com\\\/wp-content\\\/uploads\\\/2025\\\/01\\\/psicologos-online-palma-mallorca.jpg\",\"datePublished\":\"2025-01-25T17:21:35+00:00\",\"dateModified\":\"2025-01-25T20:21:30+00:00\",\"description\":\"Accede a psic\u00f3logos online en Mallorca para mejorar tu bienestar emocional desde cualquier lugar. Terapia profesional, c\u00f3moda y efectiva. \u00a1Reserva ahora!\",\"breadcrumb\":{\"@id\":\"https:\\\/\\\/catalinacalafat.com\\\/psicologos-online-mallorca\\\/#breadcrumb\"},\"inLanguage\":\"en-US\",\"potentialAction\":[{\"@type\":\"ReadAction\",\"target\":[\"https:\\\/\\\/catalinacalafat.com\\\/psicologos-online-mallorca\\\/\"]}]},{\"@type\":\"ImageObject\",\"inLanguage\":\"en-US\",\"@id\":\"https:\\\/\\\/catalinacalafat.com\\\/psicologos-online-mallorca\\\/#primaryimage\",\"url\":\"https:\\\/\\\/catalinacalafat.com\\\/wp-content\\\/uploads\\\/2025\\\/01\\\/psicologos-online-palma-mallorca.jpg\",\"contentUrl\":\"https:\\\/\\\/catalinacalafat.com\\\/wp-content\\\/uploads\\\/2025\\\/01\\\/psicologos-online-palma-mallorca.jpg\",\"width\":780,\"height\":780,\"caption\":\"Psic\u00f3loga lista para ayudarte a mejorar tu bienestar emocional\"},{\"@type\":\"BreadcrumbList\",\"@id\":\"https:\\\/\\\/catalinacalafat.com\\\/psicologos-online-mallorca\\\/#breadcrumb\",\"itemListElement\":[{\"@type\":\"ListItem\",\"position\":1,\"name\":\"Portada\",\"item\":\"https:\\\/\\\/catalinacalafat.com\\\/\"},{\"@type\":\"ListItem\",\"position\":2,\"name\":\"Psicologos Online Mallorca\"}]},{\"@type\":\"WebSite\",\"@id\":\"https:\\\/\\\/catalinacalafat.com\\\/#website\",\"url\":\"https:\\\/\\\/catalinacalafat.com\\\/\",\"name\":\"Catalina Calafat\",\"description\":\"Psic\u00f3loga en Palma de Mallorca\",\"potentialAction\":[{\"@type\":\"SearchAction\",\"target\":{\"@type\":\"EntryPoint\",\"urlTemplate\":\"https:\\\/\\\/catalinacalafat.com\\\/?s={search_term_string}\"},\"query-input\":{\"@type\":\"PropertyValueSpecification\",\"valueRequired\":true,\"valueName\":\"search_term_string\"}}],\"inLanguage\":\"en-US\"}]}<\/script>\n<!-- \/ Yoast SEO plugin. -->","yoast_head_json":{"title":"Psic\u00f3logos Online en Mallorca: Terapia Profesional a Distancia | Catalina Calafat","description":"Accede a psic\u00f3logos online en Mallorca para mejorar tu bienestar emocional desde cualquier lugar. Terapia profesional, c\u00f3moda y efectiva. \u00a1Reserva ahora!","robots":{"index":"index","follow":"follow","max-snippet":"max-snippet:-1","max-image-preview":"max-image-preview:large","max-video-preview":"max-video-preview:-1"},"canonical":"https:\/\/catalinacalafat.com\/en\/online-psychologists-in-mallorca\/","og_locale":"en_US","og_type":"article","og_title":"Psic\u00f3logos Online en Mallorca: Terapia Profesional a Distancia | Catalina Calafat","og_description":"Accede a psic\u00f3logos online en Mallorca para mejorar tu bienestar emocional desde cualquier lugar. Terapia profesional, c\u00f3moda y efectiva. \u00a1Reserva ahora!","og_url":"https:\/\/catalinacalafat.com\/en\/online-psychologists-in-mallorca\/","og_site_name":"Catalina Calafat","article_modified_time":"2025-01-25T20:21:30+00:00","og_image":[{"width":780,"height":780,"url":"https:\/\/catalinacalafat.com\/wp-content\/uploads\/2025\/01\/psicologos-online-palma-mallorca.jpg","type":"image\/jpeg"}],"twitter_card":"summary_large_image","twitter_misc":{"Est. reading time":"1 minute"},"schema":{"@context":"https:\/\/schema.org","@graph":[{"@type":"WebPage","@id":"https:\/\/catalinacalafat.com\/psicologos-online-mallorca\/","url":"https:\/\/catalinacalafat.com\/psicologos-online-mallorca\/","name":"Psic\u00f3logos Online en Mallorca: Terapia Profesional a Distancia | Catalina Calafat","isPartOf":{"@id":"https:\/\/catalinacalafat.com\/#website"},"primaryImageOfPage":{"@id":"https:\/\/catalinacalafat.com\/psicologos-online-mallorca\/#primaryimage"},"image":{"@id":"https:\/\/catalinacalafat.com\/psicologos-online-mallorca\/#primaryimage"},"thumbnailUrl":"https:\/\/catalinacalafat.com\/wp-content\/uploads\/2025\/01\/psicologos-online-palma-mallorca.jpg","datePublished":"2025-01-25T17:21:35+00:00","dateModified":"2025-01-25T20:21:30+00:00","description":"Accede a psic\u00f3logos online en Mallorca para mejorar tu bienestar emocional desde cualquier lugar. Terapia profesional, c\u00f3moda y efectiva. \u00a1Reserva ahora!","breadcrumb":{"@id":"https:\/\/catalinacalafat.com\/psicologos-online-mallorca\/#breadcrumb"},"inLanguage":"en-US","potentialAction":[{"@type":"ReadAction","target":["https:\/\/catalinacalafat.com\/psicologos-online-mallorca\/"]}]},{"@type":"ImageObject","inLanguage":"en-US","@id":"https:\/\/catalinacalafat.com\/psicologos-online-mallorca\/#primaryimage","url":"https:\/\/catalinacalafat.com\/wp-content\/uploads\/2025\/01\/psicologos-online-palma-mallorca.jpg","contentUrl":"https:\/\/catalinacalafat.com\/wp-content\/uploads\/2025\/01\/psicologos-online-palma-mallorca.jpg","width":780,"height":780,"caption":"Psic\u00f3loga lista para ayudarte a mejorar tu bienestar emocional"},{"@type":"BreadcrumbList","@id":"https:\/\/catalinacalafat.com\/psicologos-online-mallorca\/#breadcrumb","itemListElement":[{"@type":"ListItem","position":1,"name":"Portada","item":"https:\/\/catalinacalafat.com\/"},{"@type":"ListItem","position":2,"name":"Psicologos Online Mallorca"}]},{"@type":"WebSite","@id":"https:\/\/catalinacalafat.com\/#website","url":"https:\/\/catalinacalafat.com\/","name":"Catalina Calafat","description":"Psic\u00f3loga en Palma de Mallorca","potentialAction":[{"@type":"SearchAction","target":{"@type":"EntryPoint","urlTemplate":"https:\/\/catalinacalafat.com\/?s={search_term_string}"},"query-input":{"@type":"PropertyValueSpecification","valueRequired":true,"valueName":"search_term_string"}}],"inLanguage":"en-US"}]}},"_links":{"self":[{"href":"https:\/\/catalinacalafat.com\/en\/wp-json\/wp\/v2\/pages\/1175","targetHints":{"allow":["GET"]}}],"collection":[{"href":"https:\/\/catalinacalafat.com\/en\/wp-json\/wp\/v2\/pages"}],"about":[{"href":"https:\/\/catalinacalafat.com\/en\/wp-json\/wp\/v2\/types\/page"}],"author":[{"embeddable":true,"href":"https:\/\/catalinacalafat.com\/en\/wp-json\/wp\/v2\/users\/1"}],"replies":[{"embeddable":true,"href":"https:\/\/catalinacalafat.com\/en\/wp-json\/wp\/v2\/comments?post=1175"}],"version-history":[{"count":2,"href":"https:\/\/catalinacalafat.com\/en\/wp-json\/wp\/v2\/pages\/1175\/revisions"}],"predecessor-version":[{"id":1178,"href":"https:\/\/catalinacalafat.com\/en\/wp-json\/wp\/v2\/pages\/1175\/revisions\/1178"}],"wp:featuredmedia":[{"embeddable":true,"href":"https:\/\/catalinacalafat.com\/en\/wp-json\/wp\/v2\/media\/1177"}],"wp:attachment":[{"href":"https:\/\/catalinacalafat.com\/en\/wp-json\/wp\/v2\/media?parent=1175"}],"curies":[{"name":"wp","href":"https:\/\/api.w.org\/{rel}","templated":true}]}}