{"id":304,"date":"2021-03-15T09:16:19","date_gmt":"2021-03-15T09:16:19","guid":{"rendered":"https:\/\/themes.muffingroup.com\/be\/interior6\/?page_id=2"},"modified":"2025-11-23T10:54:02","modified_gmt":"2025-11-23T10:54:02","slug":"catalina-calafat-2","status":"publish","type":"page","link":"https:\/\/catalinacalafat.com\/en\/","title":{"rendered":"Start"},"content":{"rendered":"","protected":false},"excerpt":{"rendered":"","protected":false},"author":1,"featured_media":1133,"parent":0,"menu_order":0,"comment_status":"closed","ping_status":"closed","template":"","meta":{"_joinchat":[],"footnotes":""},"class_list":["post-304","page","type-page","status-publish","has-post-thumbnail","hentry"],"yoast_head":"<!-- This site is optimized with the Yoast SEO plugin v27.4 - https:\/\/yoast.com\/product\/yoast-seo-wordpress\/ -->\n<title>Catalina Calafat: Psic\u00f3loga en Palma de Mallorca, Terapia y Bienestar.<\/title>\n<meta name=\"description\" content=\"En el centro de psicolog\u00eda de Catalina Calafat en Mallorca ofrecemos terapias personalizadas para adultos, ni\u00f1os, adolescentes y parejas.\" \/>\n<meta name=\"robots\" content=\"index, follow, max-snippet:-1, max-image-preview:large, max-video-preview:-1\" \/>\n<link rel=\"canonical\" href=\"https:\/\/catalinacalafat.com\/en\/\" \/>\n<meta property=\"og:locale\" content=\"en_US\" \/>\n<meta property=\"og:type\" content=\"article\" \/>\n<meta property=\"og:title\" content=\"Catalina Calafat: Psic\u00f3loga en Palma de Mallorca, Terapia y Bienestar.\" \/>\n<meta property=\"og:description\" content=\"En el centro de psicolog\u00eda de Catalina Calafat en Mallorca ofrecemos terapias personalizadas para adultos, ni\u00f1os, adolescentes y parejas.\" \/>\n<meta property=\"og:url\" content=\"https:\/\/catalinacalafat.com\/en\/\" \/>\n<meta property=\"og:site_name\" content=\"Catalina Calafat\" \/>\n<meta property=\"article:modified_time\" content=\"2025-11-23T10:54:02+00:00\" \/>\n<meta property=\"og:image\" content=\"https:\/\/catalinacalafat.com\/wp-content\/uploads\/2025\/01\/psicologa-mallorca-catalina-calafat.jpg\" \/>\n\t<meta property=\"og:image:width\" content=\"780\" \/>\n\t<meta property=\"og:image:height\" content=\"780\" \/>\n\t<meta property=\"og:image:type\" content=\"image\/jpeg\" \/>\n<meta name=\"twitter:card\" content=\"summary_large_image\" \/>\n<meta name=\"twitter:label1\" content=\"Est. reading time\" \/>\n\t<meta name=\"twitter:data1\" content=\"1 minute\" \/>\n<script type=\"application\/ld+json\" class=\"yoast-schema-graph\">{\"@context\":\"https:\\\/\\\/schema.org\",\"@graph\":[{\"@type\":\"WebPage\",\"@id\":\"https:\\\/\\\/catalinacalafat.com\\\/\",\"url\":\"https:\\\/\\\/catalinacalafat.com\\\/\",\"name\":\"Catalina Calafat: Psic\u00f3loga en Palma de Mallorca, Terapia y Bienestar.\",\"isPartOf\":{\"@id\":\"https:\\\/\\\/catalinacalafat.com\\\/#website\"},\"primaryImageOfPage\":{\"@id\":\"https:\\\/\\\/catalinacalafat.com\\\/#primaryimage\"},\"image\":{\"@id\":\"https:\\\/\\\/catalinacalafat.com\\\/#primaryimage\"},\"thumbnailUrl\":\"https:\\\/\\\/catalinacalafat.com\\\/wp-content\\\/uploads\\\/2025\\\/01\\\/psicologa-mallorca-catalina-calafat.jpg\",\"datePublished\":\"2021-03-15T09:16:19+00:00\",\"dateModified\":\"2025-11-23T10:54:02+00:00\",\"description\":\"En el centro de psicolog\u00eda de Catalina Calafat en Mallorca ofrecemos terapias personalizadas para adultos, ni\u00f1os, adolescentes y parejas.\",\"breadcrumb\":{\"@id\":\"https:\\\/\\\/catalinacalafat.com\\\/#breadcrumb\"},\"inLanguage\":\"en-US\",\"potentialAction\":[{\"@type\":\"ReadAction\",\"target\":[\"https:\\\/\\\/catalinacalafat.com\\\/\"]}]},{\"@type\":\"ImageObject\",\"inLanguage\":\"en-US\",\"@id\":\"https:\\\/\\\/catalinacalafat.com\\\/#primaryimage\",\"url\":\"https:\\\/\\\/catalinacalafat.com\\\/wp-content\\\/uploads\\\/2025\\\/01\\\/psicologa-mallorca-catalina-calafat.jpg\",\"contentUrl\":\"https:\\\/\\\/catalinacalafat.com\\\/wp-content\\\/uploads\\\/2025\\\/01\\\/psicologa-mallorca-catalina-calafat.jpg\",\"width\":780,\"height\":780,\"caption\":\"La psic\u00f3loga catalina calafat\"},{\"@type\":\"BreadcrumbList\",\"@id\":\"https:\\\/\\\/catalinacalafat.com\\\/#breadcrumb\",\"itemListElement\":[{\"@type\":\"ListItem\",\"position\":1,\"name\":\"Portada\",\"item\":\"https:\\\/\\\/catalinacalafat.com\\\/\"},{\"@type\":\"ListItem\",\"position\":2,\"name\":\"Inicio\"}]},{\"@type\":\"WebSite\",\"@id\":\"https:\\\/\\\/catalinacalafat.com\\\/#website\",\"url\":\"https:\\\/\\\/catalinacalafat.com\\\/\",\"name\":\"Catalina Calafat\",\"description\":\"Psic\u00f3loga en Palma de Mallorca\",\"potentialAction\":[{\"@type\":\"SearchAction\",\"target\":{\"@type\":\"EntryPoint\",\"urlTemplate\":\"https:\\\/\\\/catalinacalafat.com\\\/?s={search_term_string}\"},\"query-input\":{\"@type\":\"PropertyValueSpecification\",\"valueRequired\":true,\"valueName\":\"search_term_string\"}}],\"inLanguage\":\"en-US\"}]}<\/script>\n<!-- \/ Yoast SEO plugin. -->","yoast_head_json":{"title":"Catalina Calafat: Psic\u00f3loga en Palma de Mallorca, Terapia y Bienestar.","description":"En el centro de psicolog\u00eda de Catalina Calafat en Mallorca ofrecemos terapias personalizadas para adultos, ni\u00f1os, adolescentes y parejas.","robots":{"index":"index","follow":"follow","max-snippet":"max-snippet:-1","max-image-preview":"max-image-preview:large","max-video-preview":"max-video-preview:-1"},"canonical":"https:\/\/catalinacalafat.com\/en\/","og_locale":"en_US","og_type":"article","og_title":"Catalina Calafat: Psic\u00f3loga en Palma de Mallorca, Terapia y Bienestar.","og_description":"En el centro de psicolog\u00eda de Catalina Calafat en Mallorca ofrecemos terapias personalizadas para adultos, ni\u00f1os, adolescentes y parejas.","og_url":"https:\/\/catalinacalafat.com\/en\/","og_site_name":"Catalina Calafat","article_modified_time":"2025-11-23T10:54:02+00:00","og_image":[{"width":780,"height":780,"url":"https:\/\/catalinacalafat.com\/wp-content\/uploads\/2025\/01\/psicologa-mallorca-catalina-calafat.jpg","type":"image\/jpeg"}],"twitter_card":"summary_large_image","twitter_misc":{"Est. reading time":"1 minute"},"schema":{"@context":"https:\/\/schema.org","@graph":[{"@type":"WebPage","@id":"https:\/\/catalinacalafat.com\/","url":"https:\/\/catalinacalafat.com\/","name":"Catalina Calafat: Psic\u00f3loga en Palma de Mallorca, Terapia y Bienestar.","isPartOf":{"@id":"https:\/\/catalinacalafat.com\/#website"},"primaryImageOfPage":{"@id":"https:\/\/catalinacalafat.com\/#primaryimage"},"image":{"@id":"https:\/\/catalinacalafat.com\/#primaryimage"},"thumbnailUrl":"https:\/\/catalinacalafat.com\/wp-content\/uploads\/2025\/01\/psicologa-mallorca-catalina-calafat.jpg","datePublished":"2021-03-15T09:16:19+00:00","dateModified":"2025-11-23T10:54:02+00:00","description":"En el centro de psicolog\u00eda de Catalina Calafat en Mallorca ofrecemos terapias personalizadas para adultos, ni\u00f1os, adolescentes y parejas.","breadcrumb":{"@id":"https:\/\/catalinacalafat.com\/#breadcrumb"},"inLanguage":"en-US","potentialAction":[{"@type":"ReadAction","target":["https:\/\/catalinacalafat.com\/"]}]},{"@type":"ImageObject","inLanguage":"en-US","@id":"https:\/\/catalinacalafat.com\/#primaryimage","url":"https:\/\/catalinacalafat.com\/wp-content\/uploads\/2025\/01\/psicologa-mallorca-catalina-calafat.jpg","contentUrl":"https:\/\/catalinacalafat.com\/wp-content\/uploads\/2025\/01\/psicologa-mallorca-catalina-calafat.jpg","width":780,"height":780,"caption":"La psic\u00f3loga catalina calafat"},{"@type":"BreadcrumbList","@id":"https:\/\/catalinacalafat.com\/#breadcrumb","itemListElement":[{"@type":"ListItem","position":1,"name":"Portada","item":"https:\/\/catalinacalafat.com\/"},{"@type":"ListItem","position":2,"name":"Inicio"}]},{"@type":"WebSite","@id":"https:\/\/catalinacalafat.com\/#website","url":"https:\/\/catalinacalafat.com\/","name":"Catalina Calafat","description":"Psic\u00f3loga en Palma de Mallorca","potentialAction":[{"@type":"SearchAction","target":{"@type":"EntryPoint","urlTemplate":"https:\/\/catalinacalafat.com\/?s={search_term_string}"},"query-input":{"@type":"PropertyValueSpecification","valueRequired":true,"valueName":"search_term_string"}}],"inLanguage":"en-US"}]}},"_links":{"self":[{"href":"https:\/\/catalinacalafat.com\/en\/wp-json\/wp\/v2\/pages\/304","targetHints":{"allow":["GET"]}}],"collection":[{"href":"https:\/\/catalinacalafat.com\/en\/wp-json\/wp\/v2\/pages"}],"about":[{"href":"https:\/\/catalinacalafat.com\/en\/wp-json\/wp\/v2\/types\/page"}],"author":[{"embeddable":true,"href":"https:\/\/catalinacalafat.com\/en\/wp-json\/wp\/v2\/users\/1"}],"replies":[{"embeddable":true,"href":"https:\/\/catalinacalafat.com\/en\/wp-json\/wp\/v2\/comments?post=304"}],"version-history":[{"count":7,"href":"https:\/\/catalinacalafat.com\/en\/wp-json\/wp\/v2\/pages\/304\/revisions"}],"predecessor-version":[{"id":404,"href":"https:\/\/catalinacalafat.com\/en\/wp-json\/wp\/v2\/pages\/304\/revisions\/404"}],"wp:featuredmedia":[{"embeddable":true,"href":"https:\/\/catalinacalafat.com\/en\/wp-json\/wp\/v2\/media\/1133"}],"wp:attachment":[{"href":"https:\/\/catalinacalafat.com\/en\/wp-json\/wp\/v2\/media?parent=304"}],"curies":[{"name":"wp","href":"https:\/\/api.w.org\/{rel}","templated":true}]}}