{"id":308,"date":"2021-03-15T10:42:29","date_gmt":"2021-03-15T10:42:29","guid":{"rendered":"https:\/\/themes.muffingroup.com\/be\/interior6\/?page_id=14"},"modified":"2024-08-27T07:15:07","modified_gmt":"2024-08-27T07:15:07","slug":"sobre-mi","status":"publish","type":"page","link":"https:\/\/catalinacalafat.com\/en\/about-me\/","title":{"rendered":"Meet Catalina Calafat, your psychologist in Palma de Mallorca"},"content":{"rendered":"","protected":false},"excerpt":{"rendered":"","protected":false},"author":1,"featured_media":0,"parent":0,"menu_order":0,"comment_status":"closed","ping_status":"closed","template":"","meta":{"_joinchat":[],"footnotes":""},"class_list":["post-308","page","type-page","status-publish","hentry"],"yoast_head":"<!-- This site is optimized with the Yoast SEO plugin v27.4 - https:\/\/yoast.com\/product\/yoast-seo-wordpress\/ -->\n<title>Sobre Mi | Catalina Calafat - Psic\u00f3loga en Mallorca<\/title>\n<meta name=\"description\" content=\"Conoce a Catalina Calafat, psic\u00f3loga en Mallorca con a\u00f1os de experiencia en terapias para adultos, ni\u00f1os, adolescentes y parejas.\" \/>\n<meta name=\"robots\" content=\"index, follow, max-snippet:-1, max-image-preview:large, max-video-preview:-1\" \/>\n<link rel=\"canonical\" href=\"https:\/\/catalinacalafat.com\/en\/about-me\/\" \/>\n<meta property=\"og:locale\" content=\"en_US\" \/>\n<meta property=\"og:type\" content=\"article\" \/>\n<meta property=\"og:title\" content=\"Sobre Mi | Catalina Calafat - Psic\u00f3loga en Mallorca\" \/>\n<meta property=\"og:description\" content=\"Conoce a Catalina Calafat, psic\u00f3loga en Mallorca con a\u00f1os de experiencia en terapias para adultos, ni\u00f1os, adolescentes y parejas.\" \/>\n<meta property=\"og:url\" content=\"https:\/\/catalinacalafat.com\/en\/about-me\/\" \/>\n<meta property=\"og:site_name\" content=\"Catalina Calafat\" \/>\n<meta property=\"article:modified_time\" content=\"2024-08-27T07:15:07+00:00\" \/>\n<meta name=\"twitter:card\" content=\"summary_large_image\" \/>\n<script type=\"application\/ld+json\" class=\"yoast-schema-graph\">{\"@context\":\"https:\\\/\\\/schema.org\",\"@graph\":[{\"@type\":\"WebPage\",\"@id\":\"https:\\\/\\\/catalinacalafat.com\\\/sobre-mi\\\/\",\"url\":\"https:\\\/\\\/catalinacalafat.com\\\/sobre-mi\\\/\",\"name\":\"Sobre Mi | Catalina Calafat - Psic\u00f3loga en Mallorca\",\"isPartOf\":{\"@id\":\"https:\\\/\\\/catalinacalafat.com\\\/#website\"},\"datePublished\":\"2021-03-15T10:42:29+00:00\",\"dateModified\":\"2024-08-27T07:15:07+00:00\",\"description\":\"Conoce a Catalina Calafat, psic\u00f3loga en Mallorca con a\u00f1os de experiencia en terapias para adultos, ni\u00f1os, adolescentes y parejas.\",\"breadcrumb\":{\"@id\":\"https:\\\/\\\/catalinacalafat.com\\\/sobre-mi\\\/#breadcrumb\"},\"inLanguage\":\"en-US\",\"potentialAction\":[{\"@type\":\"ReadAction\",\"target\":[\"https:\\\/\\\/catalinacalafat.com\\\/sobre-mi\\\/\"]}]},{\"@type\":\"BreadcrumbList\",\"@id\":\"https:\\\/\\\/catalinacalafat.com\\\/sobre-mi\\\/#breadcrumb\",\"itemListElement\":[{\"@type\":\"ListItem\",\"position\":1,\"name\":\"Portada\",\"item\":\"https:\\\/\\\/catalinacalafat.com\\\/\"},{\"@type\":\"ListItem\",\"position\":2,\"name\":\"Conoce a Catalina Calafat, tu psic\u00f3loga en Palma de Mallorca\"}]},{\"@type\":\"WebSite\",\"@id\":\"https:\\\/\\\/catalinacalafat.com\\\/#website\",\"url\":\"https:\\\/\\\/catalinacalafat.com\\\/\",\"name\":\"Catalina Calafat\",\"description\":\"Psic\u00f3loga en Palma de Mallorca\",\"potentialAction\":[{\"@type\":\"SearchAction\",\"target\":{\"@type\":\"EntryPoint\",\"urlTemplate\":\"https:\\\/\\\/catalinacalafat.com\\\/?s={search_term_string}\"},\"query-input\":{\"@type\":\"PropertyValueSpecification\",\"valueRequired\":true,\"valueName\":\"search_term_string\"}}],\"inLanguage\":\"en-US\"}]}<\/script>\n<!-- \/ Yoast SEO plugin. -->","yoast_head_json":{"title":"Sobre Mi | Catalina Calafat - Psic\u00f3loga en Mallorca","description":"Conoce a Catalina Calafat, psic\u00f3loga en Mallorca con a\u00f1os de experiencia en terapias para adultos, ni\u00f1os, adolescentes y parejas.","robots":{"index":"index","follow":"follow","max-snippet":"max-snippet:-1","max-image-preview":"max-image-preview:large","max-video-preview":"max-video-preview:-1"},"canonical":"https:\/\/catalinacalafat.com\/en\/about-me\/","og_locale":"en_US","og_type":"article","og_title":"Sobre Mi | Catalina Calafat - Psic\u00f3loga en Mallorca","og_description":"Conoce a Catalina Calafat, psic\u00f3loga en Mallorca con a\u00f1os de experiencia en terapias para adultos, ni\u00f1os, adolescentes y parejas.","og_url":"https:\/\/catalinacalafat.com\/en\/about-me\/","og_site_name":"Catalina Calafat","article_modified_time":"2024-08-27T07:15:07+00:00","twitter_card":"summary_large_image","schema":{"@context":"https:\/\/schema.org","@graph":[{"@type":"WebPage","@id":"https:\/\/catalinacalafat.com\/sobre-mi\/","url":"https:\/\/catalinacalafat.com\/sobre-mi\/","name":"Sobre Mi | Catalina Calafat - Psic\u00f3loga en Mallorca","isPartOf":{"@id":"https:\/\/catalinacalafat.com\/#website"},"datePublished":"2021-03-15T10:42:29+00:00","dateModified":"2024-08-27T07:15:07+00:00","description":"Conoce a Catalina Calafat, psic\u00f3loga en Mallorca con a\u00f1os de experiencia en terapias para adultos, ni\u00f1os, adolescentes y parejas.","breadcrumb":{"@id":"https:\/\/catalinacalafat.com\/sobre-mi\/#breadcrumb"},"inLanguage":"en-US","potentialAction":[{"@type":"ReadAction","target":["https:\/\/catalinacalafat.com\/sobre-mi\/"]}]},{"@type":"BreadcrumbList","@id":"https:\/\/catalinacalafat.com\/sobre-mi\/#breadcrumb","itemListElement":[{"@type":"ListItem","position":1,"name":"Portada","item":"https:\/\/catalinacalafat.com\/"},{"@type":"ListItem","position":2,"name":"Conoce a Catalina Calafat, tu psic\u00f3loga en Palma de Mallorca"}]},{"@type":"WebSite","@id":"https:\/\/catalinacalafat.com\/#website","url":"https:\/\/catalinacalafat.com\/","name":"Catalina Calafat","description":"Psic\u00f3loga en Palma de Mallorca","potentialAction":[{"@type":"SearchAction","target":{"@type":"EntryPoint","urlTemplate":"https:\/\/catalinacalafat.com\/?s={search_term_string}"},"query-input":{"@type":"PropertyValueSpecification","valueRequired":true,"valueName":"search_term_string"}}],"inLanguage":"en-US"}]}},"_links":{"self":[{"href":"https:\/\/catalinacalafat.com\/en\/wp-json\/wp\/v2\/pages\/308","targetHints":{"allow":["GET"]}}],"collection":[{"href":"https:\/\/catalinacalafat.com\/en\/wp-json\/wp\/v2\/pages"}],"about":[{"href":"https:\/\/catalinacalafat.com\/en\/wp-json\/wp\/v2\/types\/page"}],"author":[{"embeddable":true,"href":"https:\/\/catalinacalafat.com\/en\/wp-json\/wp\/v2\/users\/1"}],"replies":[{"embeddable":true,"href":"https:\/\/catalinacalafat.com\/en\/wp-json\/wp\/v2\/comments?post=308"}],"version-history":[{"count":3,"href":"https:\/\/catalinacalafat.com\/en\/wp-json\/wp\/v2\/pages\/308\/revisions"}],"predecessor-version":[{"id":642,"href":"https:\/\/catalinacalafat.com\/en\/wp-json\/wp\/v2\/pages\/308\/revisions\/642"}],"wp:attachment":[{"href":"https:\/\/catalinacalafat.com\/en\/wp-json\/wp\/v2\/media?parent=308"}],"curies":[{"name":"wp","href":"https:\/\/api.w.org\/{rel}","templated":true}]}}