{"id":500,"date":"2024-06-16T21:17:19","date_gmt":"2024-06-16T21:17:19","guid":{"rendered":"https:\/\/catalinacalafat.com\/?page_id=500"},"modified":"2025-01-15T18:39:44","modified_gmt":"2025-01-15T18:39:44","slug":"terapia-para-ninos-mallorca","status":"publish","type":"page","link":"https:\/\/catalinacalafat.com\/en\/psychotherapy\/therapy-for-children-in-mallorca\/","title":{"rendered":"Therapy for children"},"content":{"rendered":"","protected":false},"excerpt":{"rendered":"","protected":false},"author":1,"featured_media":1136,"parent":490,"menu_order":0,"comment_status":"closed","ping_status":"closed","template":"","meta":{"_joinchat":[],"footnotes":""},"class_list":["post-500","page","type-page","status-publish","has-post-thumbnail","hentry"],"yoast_head":"<!-- This site is optimized with the Yoast SEO plugin v27.4 - https:\/\/yoast.com\/product\/yoast-seo-wordpress\/ -->\n<title>Psicoterapia Infantil en Mallorca: Apoyo en Cada Etapa de Crecimiento<\/title>\n<meta name=\"description\" content=\"Apoyo psicol\u00f3gico para ni\u00f1os, abordando ansiedad por separaci\u00f3n, problemas de comportamiento, dificultades de aprendizaje y habilidades sociales.\" \/>\n<meta name=\"robots\" content=\"index, follow, max-snippet:-1, max-image-preview:large, max-video-preview:-1\" \/>\n<link rel=\"canonical\" href=\"https:\/\/catalinacalafat.com\/en\/psychotherapy\/therapy-for-children-in-mallorca\/\" \/>\n<meta property=\"og:locale\" content=\"en_US\" \/>\n<meta property=\"og:type\" content=\"article\" \/>\n<meta property=\"og:title\" content=\"Psicoterapia Infantil en Mallorca: Apoyo en Cada Etapa de Crecimiento\" \/>\n<meta property=\"og:description\" content=\"Apoyo psicol\u00f3gico para ni\u00f1os, abordando ansiedad por separaci\u00f3n, problemas de comportamiento, dificultades de aprendizaje y habilidades sociales.\" \/>\n<meta property=\"og:url\" content=\"https:\/\/catalinacalafat.com\/en\/psychotherapy\/therapy-for-children-in-mallorca\/\" \/>\n<meta property=\"og:site_name\" content=\"Catalina Calafat\" \/>\n<meta property=\"article:modified_time\" content=\"2025-01-15T18:39:44+00:00\" \/>\n<meta property=\"og:image\" content=\"https:\/\/catalinacalafat.com\/wp-content\/uploads\/2025\/01\/terapia-infantil-mallorca.jpg\" \/>\n\t<meta property=\"og:image:width\" content=\"800\" \/>\n\t<meta property=\"og:image:height\" content=\"533\" \/>\n\t<meta property=\"og:image:type\" content=\"image\/jpeg\" \/>\n<meta name=\"twitter:card\" content=\"summary_large_image\" \/>\n<meta name=\"twitter:label1\" content=\"Est. reading time\" \/>\n\t<meta name=\"twitter:data1\" content=\"1 minute\" \/>\n<script type=\"application\/ld+json\" class=\"yoast-schema-graph\">{\"@context\":\"https:\\\/\\\/schema.org\",\"@graph\":[{\"@type\":\"WebPage\",\"@id\":\"https:\\\/\\\/catalinacalafat.com\\\/psicoterapia\\\/terapia-para-ninos-mallorca\\\/\",\"url\":\"https:\\\/\\\/catalinacalafat.com\\\/psicoterapia\\\/terapia-para-ninos-mallorca\\\/\",\"name\":\"Psicoterapia Infantil en Mallorca: Apoyo en Cada Etapa de Crecimiento\",\"isPartOf\":{\"@id\":\"https:\\\/\\\/catalinacalafat.com\\\/#website\"},\"primaryImageOfPage\":{\"@id\":\"https:\\\/\\\/catalinacalafat.com\\\/psicoterapia\\\/terapia-para-ninos-mallorca\\\/#primaryimage\"},\"image\":{\"@id\":\"https:\\\/\\\/catalinacalafat.com\\\/psicoterapia\\\/terapia-para-ninos-mallorca\\\/#primaryimage\"},\"thumbnailUrl\":\"https:\\\/\\\/catalinacalafat.com\\\/wp-content\\\/uploads\\\/2025\\\/01\\\/terapia-infantil-mallorca.jpg\",\"datePublished\":\"2024-06-16T21:17:19+00:00\",\"dateModified\":\"2025-01-15T18:39:44+00:00\",\"description\":\"Apoyo psicol\u00f3gico para ni\u00f1os, abordando ansiedad por separaci\u00f3n, problemas de comportamiento, dificultades de aprendizaje y habilidades sociales.\",\"breadcrumb\":{\"@id\":\"https:\\\/\\\/catalinacalafat.com\\\/psicoterapia\\\/terapia-para-ninos-mallorca\\\/#breadcrumb\"},\"inLanguage\":\"en-US\",\"potentialAction\":[{\"@type\":\"ReadAction\",\"target\":[\"https:\\\/\\\/catalinacalafat.com\\\/psicoterapia\\\/terapia-para-ninos-mallorca\\\/\"]}]},{\"@type\":\"ImageObject\",\"inLanguage\":\"en-US\",\"@id\":\"https:\\\/\\\/catalinacalafat.com\\\/psicoterapia\\\/terapia-para-ninos-mallorca\\\/#primaryimage\",\"url\":\"https:\\\/\\\/catalinacalafat.com\\\/wp-content\\\/uploads\\\/2025\\\/01\\\/terapia-infantil-mallorca.jpg\",\"contentUrl\":\"https:\\\/\\\/catalinacalafat.com\\\/wp-content\\\/uploads\\\/2025\\\/01\\\/terapia-infantil-mallorca.jpg\",\"width\":800,\"height\":533},{\"@type\":\"BreadcrumbList\",\"@id\":\"https:\\\/\\\/catalinacalafat.com\\\/psicoterapia\\\/terapia-para-ninos-mallorca\\\/#breadcrumb\",\"itemListElement\":[{\"@type\":\"ListItem\",\"position\":1,\"name\":\"Portada\",\"item\":\"https:\\\/\\\/catalinacalafat.com\\\/\"},{\"@type\":\"ListItem\",\"position\":2,\"name\":\"Psicoterapia\",\"item\":\"https:\\\/\\\/catalinacalafat.com\\\/psicoterapia\\\/\"},{\"@type\":\"ListItem\",\"position\":3,\"name\":\"Terapia para ni\u00f1os\"}]},{\"@type\":\"WebSite\",\"@id\":\"https:\\\/\\\/catalinacalafat.com\\\/#website\",\"url\":\"https:\\\/\\\/catalinacalafat.com\\\/\",\"name\":\"Catalina Calafat\",\"description\":\"Psic\u00f3loga en Palma de Mallorca\",\"potentialAction\":[{\"@type\":\"SearchAction\",\"target\":{\"@type\":\"EntryPoint\",\"urlTemplate\":\"https:\\\/\\\/catalinacalafat.com\\\/?s={search_term_string}\"},\"query-input\":{\"@type\":\"PropertyValueSpecification\",\"valueRequired\":true,\"valueName\":\"search_term_string\"}}],\"inLanguage\":\"en-US\"}]}<\/script>\n<!-- \/ Yoast SEO plugin. -->","yoast_head_json":{"title":"Psicoterapia Infantil en Mallorca: Apoyo en Cada Etapa de Crecimiento","description":"Apoyo psicol\u00f3gico para ni\u00f1os, abordando ansiedad por separaci\u00f3n, problemas de comportamiento, dificultades de aprendizaje y habilidades sociales.","robots":{"index":"index","follow":"follow","max-snippet":"max-snippet:-1","max-image-preview":"max-image-preview:large","max-video-preview":"max-video-preview:-1"},"canonical":"https:\/\/catalinacalafat.com\/en\/psychotherapy\/therapy-for-children-in-mallorca\/","og_locale":"en_US","og_type":"article","og_title":"Psicoterapia Infantil en Mallorca: Apoyo en Cada Etapa de Crecimiento","og_description":"Apoyo psicol\u00f3gico para ni\u00f1os, abordando ansiedad por separaci\u00f3n, problemas de comportamiento, dificultades de aprendizaje y habilidades sociales.","og_url":"https:\/\/catalinacalafat.com\/en\/psychotherapy\/therapy-for-children-in-mallorca\/","og_site_name":"Catalina Calafat","article_modified_time":"2025-01-15T18:39:44+00:00","og_image":[{"width":800,"height":533,"url":"https:\/\/catalinacalafat.com\/wp-content\/uploads\/2025\/01\/terapia-infantil-mallorca.jpg","type":"image\/jpeg"}],"twitter_card":"summary_large_image","twitter_misc":{"Est. reading time":"1 minute"},"schema":{"@context":"https:\/\/schema.org","@graph":[{"@type":"WebPage","@id":"https:\/\/catalinacalafat.com\/psicoterapia\/terapia-para-ninos-mallorca\/","url":"https:\/\/catalinacalafat.com\/psicoterapia\/terapia-para-ninos-mallorca\/","name":"Psicoterapia Infantil en Mallorca: Apoyo en Cada Etapa de Crecimiento","isPartOf":{"@id":"https:\/\/catalinacalafat.com\/#website"},"primaryImageOfPage":{"@id":"https:\/\/catalinacalafat.com\/psicoterapia\/terapia-para-ninos-mallorca\/#primaryimage"},"image":{"@id":"https:\/\/catalinacalafat.com\/psicoterapia\/terapia-para-ninos-mallorca\/#primaryimage"},"thumbnailUrl":"https:\/\/catalinacalafat.com\/wp-content\/uploads\/2025\/01\/terapia-infantil-mallorca.jpg","datePublished":"2024-06-16T21:17:19+00:00","dateModified":"2025-01-15T18:39:44+00:00","description":"Apoyo psicol\u00f3gico para ni\u00f1os, abordando ansiedad por separaci\u00f3n, problemas de comportamiento, dificultades de aprendizaje y habilidades sociales.","breadcrumb":{"@id":"https:\/\/catalinacalafat.com\/psicoterapia\/terapia-para-ninos-mallorca\/#breadcrumb"},"inLanguage":"en-US","potentialAction":[{"@type":"ReadAction","target":["https:\/\/catalinacalafat.com\/psicoterapia\/terapia-para-ninos-mallorca\/"]}]},{"@type":"ImageObject","inLanguage":"en-US","@id":"https:\/\/catalinacalafat.com\/psicoterapia\/terapia-para-ninos-mallorca\/#primaryimage","url":"https:\/\/catalinacalafat.com\/wp-content\/uploads\/2025\/01\/terapia-infantil-mallorca.jpg","contentUrl":"https:\/\/catalinacalafat.com\/wp-content\/uploads\/2025\/01\/terapia-infantil-mallorca.jpg","width":800,"height":533},{"@type":"BreadcrumbList","@id":"https:\/\/catalinacalafat.com\/psicoterapia\/terapia-para-ninos-mallorca\/#breadcrumb","itemListElement":[{"@type":"ListItem","position":1,"name":"Portada","item":"https:\/\/catalinacalafat.com\/"},{"@type":"ListItem","position":2,"name":"Psicoterapia","item":"https:\/\/catalinacalafat.com\/psicoterapia\/"},{"@type":"ListItem","position":3,"name":"Terapia para ni\u00f1os"}]},{"@type":"WebSite","@id":"https:\/\/catalinacalafat.com\/#website","url":"https:\/\/catalinacalafat.com\/","name":"Catalina Calafat","description":"Psic\u00f3loga en Palma de Mallorca","potentialAction":[{"@type":"SearchAction","target":{"@type":"EntryPoint","urlTemplate":"https:\/\/catalinacalafat.com\/?s={search_term_string}"},"query-input":{"@type":"PropertyValueSpecification","valueRequired":true,"valueName":"search_term_string"}}],"inLanguage":"en-US"}]}},"_links":{"self":[{"href":"https:\/\/catalinacalafat.com\/en\/wp-json\/wp\/v2\/pages\/500","targetHints":{"allow":["GET"]}}],"collection":[{"href":"https:\/\/catalinacalafat.com\/en\/wp-json\/wp\/v2\/pages"}],"about":[{"href":"https:\/\/catalinacalafat.com\/en\/wp-json\/wp\/v2\/types\/page"}],"author":[{"embeddable":true,"href":"https:\/\/catalinacalafat.com\/en\/wp-json\/wp\/v2\/users\/1"}],"replies":[{"embeddable":true,"href":"https:\/\/catalinacalafat.com\/en\/wp-json\/wp\/v2\/comments?post=500"}],"version-history":[{"count":1,"href":"https:\/\/catalinacalafat.com\/en\/wp-json\/wp\/v2\/pages\/500\/revisions"}],"predecessor-version":[{"id":503,"href":"https:\/\/catalinacalafat.com\/en\/wp-json\/wp\/v2\/pages\/500\/revisions\/503"}],"up":[{"embeddable":true,"href":"https:\/\/catalinacalafat.com\/en\/wp-json\/wp\/v2\/pages\/490"}],"wp:featuredmedia":[{"embeddable":true,"href":"https:\/\/catalinacalafat.com\/en\/wp-json\/wp\/v2\/media\/1136"}],"wp:attachment":[{"href":"https:\/\/catalinacalafat.com\/en\/wp-json\/wp\/v2\/media?parent=500"}],"curies":[{"name":"wp","href":"https:\/\/api.w.org\/{rel}","templated":true}]}}